{"id":1516,"date":"2026-02-01T18:00:03","date_gmt":"2026-02-01T16:00:03","guid":{"rendered":"https:\/\/www.unatcpress.ro\/?page_id=1516"},"modified":"2026-02-01T18:00:05","modified_gmt":"2026-02-01T16:00:05","slug":"traseul-a","status":"publish","type":"page","link":"https:\/\/www.unatcpress.ro\/en\/traseul-a\/","title":{"rendered":"Traseul A"},"content":{"rendered":"\n<p>\u00cen func\u021bie de tipul propunerii, textul este atribuit unui redactor responsabil care realizeaz\u0103 un referat al propunerii, adresat Prorectorului \u00een Cercetare, Dezvoltare \u0219i Inovare, \u00een care stabile\u0219te dac\u0103 aceasta este conform\u0103 standardelor parcursului solicitat (A sau B), inclusiv din punct de vedere calitativ, \u0219i asigur\u0103 parcurgerea ulterioar\u0103 a etapelor editoriale specifice fiec\u0103rui parcurs.<\/p>\n\n\n\n<p>\u00cen cazul \u00een care propunerea nu este conform\u0103 din punct de vedere tehnic sau calitativ, se vor indica autorilor\/solicitan\u021bilor modalit\u0103\u021bile recomandate de remediere \u00een cazul \u00een care acestea exist\u0103.<\/p>\n\n\n\n<p>Traseul A este indicat pentru majoritatea propunerilor \u0219i presupune transmiterea unui manuscrisului preexistent \u0219i complet spre evaluare.<\/p>\n\n\n\n<p><\/p>\n","protected":false},"excerpt":{"rendered":"<p>\u00cen func\u021bie de tipul propunerii, textul este atribuit unui redactor responsabil care realizeaz\u0103 un referat al propunerii, adresat Prorectorului \u00een Cercetare, Dezvoltare \u0219i Inovare, \u00een [&hellip;]<\/p>\n","protected":false},"author":3,"featured_media":0,"parent":0,"menu_order":0,"comment_status":"closed","ping_status":"closed","template":"","meta":{"_uag_custom_page_level_css":"","site-sidebar-layout":"default","site-content-layout":"","ast-site-content-layout":"default","site-content-style":"default","site-sidebar-style":"default","ast-global-header-display":"","ast-banner-title-visibility":"","ast-main-header-display":"","ast-hfb-above-header-display":"","ast-hfb-below-header-display":"","ast-hfb-mobile-header-display":"","site-post-title":"","ast-breadcrumbs-content":"","ast-featured-img":"","footer-sml-layout":"","ast-disable-related-posts":"","theme-transparent-header-meta":"","adv-header-id-meta":"","stick-header-meta":"","header-above-stick-meta":"","header-main-stick-meta":"","header-below-stick-meta":"","astra-migrate-meta-layouts":"set","ast-page-background-enabled":"default","ast-page-background-meta":{"desktop":{"background-color":"var(--ast-global-color-4)","background-image":"","background-repeat":"repeat","background-position":"center center","background-size":"auto","background-attachment":"scroll","background-type":"","background-media":"","overlay-type":"","overlay-color":"","overlay-opacity":"","overlay-gradient":""},"tablet":{"background-color":"","background-image":"","background-repeat":"repeat","background-position":"center center","background-size":"auto","background-attachment":"scroll","background-type":"","background-media":"","overlay-type":"","overlay-color":"","overlay-opacity":"","overlay-gradient":""},"mobile":{"background-color":"","background-image":"","background-repeat":"repeat","background-position":"center center","background-size":"auto","background-attachment":"scroll","background-type":"","background-media":"","overlay-type":"","overlay-color":"","overlay-opacity":"","overlay-gradient":""}},"ast-content-background-meta":{"desktop":{"background-color":"var(--ast-global-color-5)","background-image":"","background-repeat":"repeat","background-position":"center center","background-size":"auto","background-attachment":"scroll","background-type":"","background-media":"","overlay-type":"","overlay-color":"","overlay-opacity":"","overlay-gradient":""},"tablet":{"background-color":"var(--ast-global-color-5)","background-image":"","background-repeat":"repeat","background-position":"center center","background-size":"auto","background-attachment":"scroll","background-type":"","background-media":"","overlay-type":"","overlay-color":"","overlay-opacity":"","overlay-gradient":""},"mobile":{"background-color":"var(--ast-global-color-5)","background-image":"","background-repeat":"repeat","background-position":"center center","background-size":"auto","background-attachment":"scroll","background-type":"","background-media":"","overlay-type":"","overlay-color":"","overlay-opacity":"","overlay-gradient":""}},"footnotes":""},"class_list":["post-1516","page","type-page","status-publish","hentry"],"uagb_featured_image_src":{"full":false,"thumbnail":false,"medium":false,"medium_large":false,"large":false,"1536x1536":false,"2048x2048":false,"woocommerce_thumbnail":false,"woocommerce_single":false,"woocommerce_gallery_thumbnail":false},"uagb_author_info":{"display_name":"Sarbu Catalin","author_link":"https:\/\/www.unatcpress.ro\/en\/author\/catalin\/"},"uagb_comment_info":0,"uagb_excerpt":"\u00cen func\u021bie de tipul propunerii, textul este atribuit unui redactor responsabil care realizeaz\u0103 un referat al propunerii, adresat Prorectorului \u00een Cercetare, Dezvoltare \u0219i Inovare, \u00een [&hellip;]","_links":{"self":[{"href":"https:\/\/www.unatcpress.ro\/en\/wp-json\/wp\/v2\/pages\/1516","targetHints":{"allow":["GET"]}}],"collection":[{"href":"https:\/\/www.unatcpress.ro\/en\/wp-json\/wp\/v2\/pages"}],"about":[{"href":"https:\/\/www.unatcpress.ro\/en\/wp-json\/wp\/v2\/types\/page"}],"author":[{"embeddable":true,"href":"https:\/\/www.unatcpress.ro\/en\/wp-json\/wp\/v2\/users\/3"}],"replies":[{"embeddable":true,"href":"https:\/\/www.unatcpress.ro\/en\/wp-json\/wp\/v2\/comments?post=1516"}],"version-history":[{"count":1,"href":"https:\/\/www.unatcpress.ro\/en\/wp-json\/wp\/v2\/pages\/1516\/revisions"}],"predecessor-version":[{"id":1517,"href":"https:\/\/www.unatcpress.ro\/en\/wp-json\/wp\/v2\/pages\/1516\/revisions\/1517"}],"wp:attachment":[{"href":"https:\/\/www.unatcpress.ro\/en\/wp-json\/wp\/v2\/media?parent=1516"}],"curies":[{"name":"wp","href":"https:\/\/api.w.org\/{rel}","templated":true}]}}