{"id":1518,"date":"2026-02-01T18:00:38","date_gmt":"2026-02-01T16:00:38","guid":{"rendered":"https:\/\/www.unatcpress.ro\/?page_id=1518"},"modified":"2026-02-01T18:00:40","modified_gmt":"2026-02-01T16:00:40","slug":"traseul-b","status":"publish","type":"page","link":"https:\/\/www.unatcpress.ro\/en\/traseul-b\/","title":{"rendered":"Traseul B"},"content":{"rendered":"\n<p>Traseul B este destinat proiectelor de anvergur\u0103 sau proiectelor editoriale strategice pentru identitatea \u0219tiin\u021bific\u0103 a UNATC. Acestea sunt \u00eenaintate de editor spre evaluare administrativ\u0103 a unui redactor al UNATC Press, apoi, dac\u0103 evaluarea administrativ\u0103 este favorabil\u0103, o evaluare a Consiliului \u0218tiin\u021bific. Traducerile pot fi propuse numai prin traseul B \u0219i numai dac\u0103 pot fi considerate proiecte editoriale de anvergur\u0103 sau strategice.<\/p>\n\n\n\n<p><\/p>\n","protected":false},"excerpt":{"rendered":"<p>Traseul B este destinat proiectelor de anvergur\u0103 sau proiectelor editoriale strategice pentru identitatea \u0219tiin\u021bific\u0103 a UNATC. Acestea sunt \u00eenaintate de editor spre evaluare administrativ\u0103 a [&hellip;]<\/p>\n","protected":false},"author":3,"featured_media":0,"parent":0,"menu_order":0,"comment_status":"closed","ping_status":"closed","template":"","meta":{"_uag_custom_page_level_css":"","site-sidebar-layout":"default","site-content-layout":"","ast-site-content-layout":"default","site-content-style":"default","site-sidebar-style":"default","ast-global-header-display":"","ast-banner-title-visibility":"","ast-main-header-display":"","ast-hfb-above-header-display":"","ast-hfb-below-header-display":"","ast-hfb-mobile-header-display":"","site-post-title":"","ast-breadcrumbs-content":"","ast-featured-img":"","footer-sml-layout":"","ast-disable-related-posts":"","theme-transparent-header-meta":"","adv-header-id-meta":"","stick-header-meta":"","header-above-stick-meta":"","header-main-stick-meta":"","header-below-stick-meta":"","astra-migrate-meta-layouts":"set","ast-page-background-enabled":"default","ast-page-background-meta":{"desktop":{"background-color":"var(--ast-global-color-4)","background-image":"","background-repeat":"repeat","background-position":"center center","background-size":"auto","background-attachment":"scroll","background-type":"","background-media":"","overlay-type":"","overlay-color":"","overlay-opacity":"","overlay-gradient":""},"tablet":{"background-color":"","background-image":"","background-repeat":"repeat","background-position":"center center","background-size":"auto","background-attachment":"scroll","background-type":"","background-media":"","overlay-type":"","overlay-color":"","overlay-opacity":"","overlay-gradient":""},"mobile":{"background-color":"","background-image":"","background-repeat":"repeat","background-position":"center center","background-size":"auto","background-attachment":"scroll","background-type":"","background-media":"","overlay-type":"","overlay-color":"","overlay-opacity":"","overlay-gradient":""}},"ast-content-background-meta":{"desktop":{"background-color":"var(--ast-global-color-5)","background-image":"","background-repeat":"repeat","background-position":"center center","background-size":"auto","background-attachment":"scroll","background-type":"","background-media":"","overlay-type":"","overlay-color":"","overlay-opacity":"","overlay-gradient":""},"tablet":{"background-color":"var(--ast-global-color-5)","background-image":"","background-repeat":"repeat","background-position":"center center","background-size":"auto","background-attachment":"scroll","background-type":"","background-media":"","overlay-type":"","overlay-color":"","overlay-opacity":"","overlay-gradient":""},"mobile":{"background-color":"var(--ast-global-color-5)","background-image":"","background-repeat":"repeat","background-position":"center center","background-size":"auto","background-attachment":"scroll","background-type":"","background-media":"","overlay-type":"","overlay-color":"","overlay-opacity":"","overlay-gradient":""}},"footnotes":""},"class_list":["post-1518","page","type-page","status-publish","hentry"],"uagb_featured_image_src":{"full":false,"thumbnail":false,"medium":false,"medium_large":false,"large":false,"1536x1536":false,"2048x2048":false,"woocommerce_thumbnail":false,"woocommerce_single":false,"woocommerce_gallery_thumbnail":false},"uagb_author_info":{"display_name":"Sarbu Catalin","author_link":"https:\/\/www.unatcpress.ro\/en\/author\/catalin\/"},"uagb_comment_info":0,"uagb_excerpt":"Traseul B este destinat proiectelor de anvergur\u0103 sau proiectelor editoriale strategice pentru identitatea \u0219tiin\u021bific\u0103 a UNATC. Acestea sunt \u00eenaintate de editor spre evaluare administrativ\u0103 a [&hellip;]","_links":{"self":[{"href":"https:\/\/www.unatcpress.ro\/en\/wp-json\/wp\/v2\/pages\/1518","targetHints":{"allow":["GET"]}}],"collection":[{"href":"https:\/\/www.unatcpress.ro\/en\/wp-json\/wp\/v2\/pages"}],"about":[{"href":"https:\/\/www.unatcpress.ro\/en\/wp-json\/wp\/v2\/types\/page"}],"author":[{"embeddable":true,"href":"https:\/\/www.unatcpress.ro\/en\/wp-json\/wp\/v2\/users\/3"}],"replies":[{"embeddable":true,"href":"https:\/\/www.unatcpress.ro\/en\/wp-json\/wp\/v2\/comments?post=1518"}],"version-history":[{"count":1,"href":"https:\/\/www.unatcpress.ro\/en\/wp-json\/wp\/v2\/pages\/1518\/revisions"}],"predecessor-version":[{"id":1519,"href":"https:\/\/www.unatcpress.ro\/en\/wp-json\/wp\/v2\/pages\/1518\/revisions\/1519"}],"wp:attachment":[{"href":"https:\/\/www.unatcpress.ro\/en\/wp-json\/wp\/v2\/media?parent=1518"}],"curies":[{"name":"wp","href":"https:\/\/api.w.org\/{rel}","templated":true}]}}