{"id":5,"date":"2023-01-26T07:15:13","date_gmt":"2023-01-26T07:15:13","guid":{"rendered":"https:\/\/www.unatcpress.ro\/shop\/"},"modified":"2026-04-28T10:28:43","modified_gmt":"2026-04-28T07:28:43","slug":"plata","status":"publish","type":"page","link":"https:\/\/www.unatcpress.ro\/en\/plata\/","title":{"rendered":"Distribu\u021bie \u0219i metode de plat\u0103"},"content":{"rendered":"\n<h4 class=\"wp-block-heading\"><strong>Distribu\u021bie<\/strong><\/h4>\n\n\n\n<p>O parte din titlurile UNATC Press sunt disponibile \u00een re\u021beaua de libr\u0103rii <a href=\"https:\/\/carturesti.ro\/editura\/unatc_press\">C\u0103rture\u0219ti<\/a><\/p>\n\n\n\n<p><\/p>\n\n\n\n<h4 class=\"wp-block-heading\"><strong>Metoda de plat\u0103<\/strong><\/h4>\n\n\n\n<p>Pentru achizi\u021bionarea c\u0103r\u021bilor de pe site-ul UNATC Press, plata se va face prin transfer bancar. V\u0103 rug\u0103m s\u0103 trimite\u021bi un e-mail la adresa <strong><a>editura@unatc.ro<\/a><\/strong>, \u00een care s\u0103 specifica\u021bi titlurile c\u0103r\u021bilor pe care dori\u021bi s\u0103 le achizi\u021biona\u021bi, precum \u0219i informa\u021biile de facturare. Plata se va efectua \u00een contul bancar UNATC, iar dup\u0103 confirmarea pl\u0103\u021bii, comenzile vor fi procesate \u0219i c\u0103r\u021bile vor fi expediate.<\/p>\n\n\n\n<p><\/p>\n\n\n\n<hr class=\"wp-block-separator has-alpha-channel-opacity is-style-wide\"\/>\n\n\n\n<p><\/p>\n\n\n\n<p><\/p>\n\n\n\n<h4 class=\"wp-block-heading\">CONT BCR<\/h4>\n\n\n\n<p><strong>UNATC I L CARAGIALE<br><\/strong>CUI 4453160<\/p>\n\n\n\n<p><strong>CONT<\/strong><br>RO97RNCB0072044173940001<\/p>\n","protected":false},"excerpt":{"rendered":"<p>Distribu\u021bie O parte din titlurile UNATC Press sunt disponibile \u00een re\u021beaua de libr\u0103rii C\u0103rture\u0219ti Metoda de plat\u0103 Pentru achizi\u021bionarea c\u0103r\u021bilor de pe site-ul UNATC Press, [&hellip;]<\/p>\n","protected":false},"author":3,"featured_media":942,"parent":0,"menu_order":0,"comment_status":"closed","ping_status":"closed","template":"","meta":{"_uag_custom_page_level_css":"","site-sidebar-layout":"default","site-content-layout":"","ast-site-content-layout":"default","site-content-style":"default","site-sidebar-style":"default","ast-global-header-display":"","ast-banner-title-visibility":"","ast-main-header-display":"","ast-hfb-above-header-display":"","ast-hfb-below-header-display":"","ast-hfb-mobile-header-display":"","site-post-title":"","ast-breadcrumbs-content":"","ast-featured-img":"","footer-sml-layout":"","ast-disable-related-posts":"","theme-transparent-header-meta":"","adv-header-id-meta":"","stick-header-meta":"","header-above-stick-meta":"","header-main-stick-meta":"","header-below-stick-meta":"","astra-migrate-meta-layouts":"set","ast-page-background-enabled":"default","ast-page-background-meta":{"desktop":{"background-color":"var(--ast-global-color-4)","background-image":"","background-repeat":"repeat","background-position":"center center","background-size":"auto","background-attachment":"scroll","background-type":"","background-media":"","overlay-type":"","overlay-color":"","overlay-opacity":"","overlay-gradient":""},"tablet":{"background-color":"","background-image":"","background-repeat":"repeat","background-position":"center center","background-size":"auto","background-attachment":"scroll","background-type":"","background-media":"","overlay-type":"","overlay-color":"","overlay-opacity":"","overlay-gradient":""},"mobile":{"background-color":"","background-image":"","background-repeat":"repeat","background-position":"center center","background-size":"auto","background-attachment":"scroll","background-type":"","background-media":"","overlay-type":"","overlay-color":"","overlay-opacity":"","overlay-gradient":""}},"ast-content-background-meta":{"desktop":{"background-color":"var(--ast-global-color-5)","background-image":"","background-repeat":"repeat","background-position":"center center","background-size":"auto","background-attachment":"scroll","background-type":"","background-media":"","overlay-type":"","overlay-color":"","overlay-opacity":"","overlay-gradient":""},"tablet":{"background-color":"var(--ast-global-color-5)","background-image":"","background-repeat":"repeat","background-position":"center center","background-size":"auto","background-attachment":"scroll","background-type":"","background-media":"","overlay-type":"","overlay-color":"","overlay-opacity":"","overlay-gradient":""},"mobile":{"background-color":"var(--ast-global-color-5)","background-image":"","background-repeat":"repeat","background-position":"center center","background-size":"auto","background-attachment":"scroll","background-type":"","background-media":"","overlay-type":"","overlay-color":"","overlay-opacity":"","overlay-gradient":""}},"footnotes":""},"class_list":["post-5","page","type-page","status-publish","has-post-thumbnail","hentry"],"uagb_featured_image_src":{"full":["https:\/\/www.unatcpress.ro\/wp-content\/uploads\/2023\/02\/index-autori-scaled.jpg",2560,1092,false],"thumbnail":["https:\/\/www.unatcpress.ro\/wp-content\/uploads\/2023\/02\/index-autori-150x150.jpg",150,150,true],"medium":["https:\/\/www.unatcpress.ro\/wp-content\/uploads\/2023\/02\/index-autori-300x128.jpg",300,128,true],"medium_large":["https:\/\/www.unatcpress.ro\/wp-content\/uploads\/2023\/02\/index-autori-768x328.jpg",768,328,true],"large":["https:\/\/www.unatcpress.ro\/wp-content\/uploads\/2023\/02\/index-autori-1024x437.jpg",1024,437,true],"1536x1536":["https:\/\/www.unatcpress.ro\/wp-content\/uploads\/2023\/02\/index-autori-1536x655.jpg",1536,655,true],"2048x2048":["https:\/\/www.unatcpress.ro\/wp-content\/uploads\/2023\/02\/index-autori-2048x874.jpg",2048,874,true],"woocommerce_thumbnail":["https:\/\/www.unatcpress.ro\/wp-content\/uploads\/2023\/02\/index-autori-250x389.jpg",250,389,true],"woocommerce_single":["https:\/\/www.unatcpress.ro\/wp-content\/uploads\/2023\/02\/index-autori-800x341.jpg",800,341,true],"woocommerce_gallery_thumbnail":["https:\/\/www.unatcpress.ro\/wp-content\/uploads\/2023\/02\/index-autori-100x100.jpg",100,100,true]},"uagb_author_info":{"display_name":"Sarbu Catalin","author_link":"https:\/\/www.unatcpress.ro\/en\/author\/catalin\/"},"uagb_comment_info":0,"uagb_excerpt":"Distribu\u021bie O parte din titlurile UNATC Press sunt disponibile \u00een re\u021beaua de libr\u0103rii C\u0103rture\u0219ti Metoda de plat\u0103 Pentru achizi\u021bionarea c\u0103r\u021bilor de pe site-ul UNATC Press, [&hellip;]","_links":{"self":[{"href":"https:\/\/www.unatcpress.ro\/en\/wp-json\/wp\/v2\/pages\/5","targetHints":{"allow":["GET"]}}],"collection":[{"href":"https:\/\/www.unatcpress.ro\/en\/wp-json\/wp\/v2\/pages"}],"about":[{"href":"https:\/\/www.unatcpress.ro\/en\/wp-json\/wp\/v2\/types\/page"}],"author":[{"embeddable":true,"href":"https:\/\/www.unatcpress.ro\/en\/wp-json\/wp\/v2\/users\/3"}],"replies":[{"embeddable":true,"href":"https:\/\/www.unatcpress.ro\/en\/wp-json\/wp\/v2\/comments?post=5"}],"version-history":[{"count":10,"href":"https:\/\/www.unatcpress.ro\/en\/wp-json\/wp\/v2\/pages\/5\/revisions"}],"predecessor-version":[{"id":1754,"href":"https:\/\/www.unatcpress.ro\/en\/wp-json\/wp\/v2\/pages\/5\/revisions\/1754"}],"wp:featuredmedia":[{"embeddable":true,"href":"https:\/\/www.unatcpress.ro\/en\/wp-json\/wp\/v2\/media\/942"}],"wp:attachment":[{"href":"https:\/\/www.unatcpress.ro\/en\/wp-json\/wp\/v2\/media?parent=5"}],"curies":[{"name":"wp","href":"https:\/\/api.w.org\/{rel}","templated":true}]}}