{"id":1314,"date":"2024-05-07T18:25:44","date_gmt":"2024-05-07T15:25:44","guid":{"rendered":"https:\/\/www.unatcpress.ro\/?post_type=product&#038;p=1314"},"modified":"2024-05-08T12:32:00","modified_gmt":"2024-05-08T09:32:00","slug":"screenwriting-history-theory-and-practice","status":"publish","type":"product","link":"https:\/\/www.unatcpress.ro\/en\/produs\/screenwriting-history-theory-and-practice\/","title":{"rendered":"Screenwriting: History, Theory, and Practice"},"content":{"rendered":"<p><span style=\"font-weight: 400;\">\u201ePrintr-un remarcabil efort academic, volumul de fa\u021b\u0103 ne provoac\u0103 s\u0103 \u00een\u021belegem ce este scenariul de film \u0219i ce implic\u0103 scrierea lui. Este un studiu al discursului despre scenariul de film \u0219i scenaristic\u0103 din perspectiva diacronic\u0103 a pozi\u021bion\u0103rii textului pentru marele ecran \u00een procesul de produc\u021bie de la \u00eenceputuri \u0219i p\u00e2n\u0103 ast\u0103zi. Cartea lui Steven Maras este o lucrare important\u0103, limpede \u0219i extrem de bine articulat\u0103.\u201d (Adrian Martin, Monash University)<\/span><\/p>\n<p><span style=\"font-weight: 400;\">\u201eUn text de o valoare inegalabil\u0103 pentru cei interesa\u021bi de domeniul scenaristicii, fie ei cercet\u0103tori, profesori, studen\u021bi sau practicieni. O lucrare extrem de original\u0103, complex\u0103 \u0219i f\u0103r\u0103 rival ca amploare, o contribu\u021bie substan\u021bial\u0103 la discursul academic despre scenariu.\u201d (Jill Nelmes, University of East London)<\/span><\/p>\n<p><span style=\"font-weight: 400;\">\u201eEste una dintre cele mai importante lucr\u0103ri academice dedicate scenaristicii, dac\u0103 nu chiar cea mai important\u0103, prin abordarea integratoare a celor trei domenii fundamentale, demers sisific, dus magistral p\u00e2n\u0103 la cap\u0103t. Cartea lui Maras \u00eenseamn\u0103 \u00ab 1.001 de c\u0103r\u021bi \u00eentr-una singur\u0103 \u00bb.\u201d (Lucian Georgescu, Universitatea Na\u021bional\u0103 de Art\u0103 Teatral\u0103 \u0219i Cinematografic\u0103 \u201eI.L. Caragiale\u201d)<\/span><\/p>\n","protected":false},"excerpt":{"rendered":"<p>\u201ePrintr-un remarcabil efort academic, volumul de fa\u021b\u0103 ne provoac\u0103 s\u0103 \u00een\u021belegem ce este scenariul de film \u0219i ce implic\u0103 scrierea lui. Este un studiu al [&hellip;]<\/p>\n","protected":false},"featured_media":1315,"template":"","meta":{"_uag_custom_page_level_css":"","site-sidebar-layout":"default","site-content-layout":"","ast-site-content-layout":"default","site-content-style":"default","site-sidebar-style":"default","ast-global-header-display":"","ast-banner-title-visibility":"","ast-main-header-display":"","ast-hfb-above-header-display":"","ast-hfb-below-header-display":"","ast-hfb-mobile-header-display":"","site-post-title":"","ast-breadcrumbs-content":"","ast-featured-img":"","footer-sml-layout":"","ast-disable-related-posts":"","theme-transparent-header-meta":"default","adv-header-id-meta":"","stick-header-meta":"default","header-above-stick-meta":"","header-main-stick-meta":"","header-below-stick-meta":"","astra-migrate-meta-layouts":"set","ast-page-background-enabled":"default","ast-page-background-meta":{"desktop":{"background-color":"var(--ast-global-color-4)","background-image":"","background-repeat":"repeat","background-position":"center center","background-size":"auto","background-attachment":"scroll","background-type":"","background-media":"","overlay-type":"","overlay-color":"","overlay-opacity":"","overlay-gradient":""},"tablet":{"background-color":"","background-image":"","background-repeat":"repeat","background-position":"center center","background-size":"auto","background-attachment":"scroll","background-type":"","background-media":"","overlay-type":"","overlay-color":"","overlay-opacity":"","overlay-gradient":""},"mobile":{"background-color":"","background-image":"","background-repeat":"repeat","background-position":"center center","background-size":"auto","background-attachment":"scroll","background-type":"","background-media":"","overlay-type":"","overlay-color":"","overlay-opacity":"","overlay-gradient":""}},"ast-content-background-meta":{"desktop":{"background-color":"var(--ast-global-color-5)","background-image":"","background-repeat":"repeat","background-position":"center center","background-size":"auto","background-attachment":"scroll","background-type":"","background-media":"","overlay-type":"","overlay-color":"","overlay-opacity":"","overlay-gradient":""},"tablet":{"background-color":"var(--ast-global-color-5)","background-image":"","background-repeat":"repeat","background-position":"center center","background-size":"auto","background-attachment":"scroll","background-type":"","background-media":"","overlay-type":"","overlay-color":"","overlay-opacity":"","overlay-gradient":""},"mobile":{"background-color":"var(--ast-global-color-5)","background-image":"","background-repeat":"repeat","background-position":"center center","background-size":"auto","background-attachment":"scroll","background-type":"","background-media":"","overlay-type":"","overlay-color":"","overlay-opacity":"","overlay-gradient":""}}},"product_brand":[],"product_cat":[29],"product_tag":[],"colectie":[64],"autor-carte":[75],"class_list":{"0":"post-1314","1":"product","2":"type-product","3":"status-publish","4":"has-post-thumbnail","6":"product_cat-books","7":"colectie-film","8":"autor-carte-steven-maras","9":"desktop-align-left","10":"tablet-align-left","11":"mobile-align-left","12":"ast-product-gallery-layout-first-image-large","13":"ast-product-gallery-with-no-image","14":"ast-magnify-disabled","16":"first","17":"instock","18":"shipping-taxable","19":"product-type-simple"},"uagb_featured_image_src":{"full":["https:\/\/www.unatcpress.ro\/wp-content\/uploads\/2024\/05\/Steven-Maras-Scenariul-de-Film.jpg",600,922,false],"thumbnail":["https:\/\/www.unatcpress.ro\/wp-content\/uploads\/2024\/05\/Steven-Maras-Scenariul-de-Film-150x150.jpg",150,150,true],"medium":["https:\/\/www.unatcpress.ro\/wp-content\/uploads\/2024\/05\/Steven-Maras-Scenariul-de-Film-195x300.jpg",195,300,true],"medium_large":["https:\/\/www.unatcpress.ro\/wp-content\/uploads\/2024\/05\/Steven-Maras-Scenariul-de-Film.jpg",600,922,false],"large":["https:\/\/www.unatcpress.ro\/wp-content\/uploads\/2024\/05\/Steven-Maras-Scenariul-de-Film.jpg",600,922,false],"1536x1536":["https:\/\/www.unatcpress.ro\/wp-content\/uploads\/2024\/05\/Steven-Maras-Scenariul-de-Film.jpg",600,922,false],"2048x2048":["https:\/\/www.unatcpress.ro\/wp-content\/uploads\/2024\/05\/Steven-Maras-Scenariul-de-Film.jpg",600,922,false],"woocommerce_thumbnail":["https:\/\/www.unatcpress.ro\/wp-content\/uploads\/2024\/05\/Steven-Maras-Scenariul-de-Film-250x389.jpg",250,389,true],"woocommerce_single":["https:\/\/www.unatcpress.ro\/wp-content\/uploads\/2024\/05\/Steven-Maras-Scenariul-de-Film.jpg",600,922,false],"woocommerce_gallery_thumbnail":["https:\/\/www.unatcpress.ro\/wp-content\/uploads\/2024\/05\/Steven-Maras-Scenariul-de-Film-100x100.jpg",100,100,true]},"uagb_author_info":{"display_name":"Sarbu Catalin","author_link":"https:\/\/www.unatcpress.ro\/en\/author\/"},"uagb_comment_info":0,"uagb_excerpt":"\u201ePrintr-un remarcabil efort academic, volumul de fa\u021b\u0103 ne provoac\u0103 s\u0103 \u00een\u021belegem ce este scenariul de film \u0219i ce implic\u0103 scrierea lui. Este un studiu al [&hellip;]","toolset-meta":{"subtitlu-si-colaboratori":{"subtitlu-publicatie":{"type":"textarea","raw":""},"alte-informatii":{"type":"wysiwyg","raw":"<span style=\"font-weight: 400;\">Traducere de Lucian Georgescu (coord.) \u015fi Andreea Bor\u0163un\r\n<\/span><span style=\"font-weight: 400;\">Prefa\u0163\u0103 \u015fi note de Lucian Georgescu\r\n<\/span><span style=\"font-weight: 400;\">Cuv\u00e2nt \u00eenainte la edi\u0163ia \u00een limba rom\u00e2n\u0103 de Steven Maras<\/span>"}},"e-book":{"incarca-fisier-publicatie":{"type":"file","raw":[""],"repeatable":[{"raw":""}]}},"detalii-tehnice":{"isbn":{"type":"textfield","raw":"978-606-082-028-4"},"an-aparitie":{"type":"date","raw":"1682899200","formatted":"01\/05\/2023"},"tip-editie":{"type":"select","raw":"1"},"numar-pagini":{"type":"numeric","raw":"414"}},"toolset-woocommerce-fields":{"_download_limit":{"type":"numeric","raw":"-1"},"_virtual":{"type":"checkbox","raw":"no"},"_downloadable":{"type":"checkbox","raw":"no"},"_download_expiry":{"type":"numeric","raw":"-1"},"_download_type":{"type":"radio","raw":""},"_regular_price":{"type":"numeric","raw":""},"_sale_price":{"type":"numeric","raw":""},"_sale_price_dates_from":{"type":"date","raw":"","formatted":null},"_sale_price_dates_to":{"type":"date","raw":"","formatted":null},"_sku":{"type":"textfield","raw":""},"_manage_stock":{"type":"checkbox","raw":"no"},"_stock_status":{"type":"radio","raw":"instock"},"_stock":{"type":"numeric","raw":null},"_backorders":{"type":"radio","raw":"no"},"_sold_individually":{"type":"checkbox","raw":"no"},"_width":{"type":"numeric","raw":""},"_weight":{"type":"numeric","raw":""},"_length":{"type":"numeric","raw":""},"_purchase_note":{"type":"textarea","raw":""}}},"_links":{"self":[{"href":"https:\/\/www.unatcpress.ro\/en\/wp-json\/wp\/v2\/product\/1314","targetHints":{"allow":["GET"]}}],"collection":[{"href":"https:\/\/www.unatcpress.ro\/en\/wp-json\/wp\/v2\/product"}],"about":[{"href":"https:\/\/www.unatcpress.ro\/en\/wp-json\/wp\/v2\/types\/product"}],"wp:featuredmedia":[{"embeddable":true,"href":"https:\/\/www.unatcpress.ro\/en\/wp-json\/wp\/v2\/media\/1315"}],"wp:attachment":[{"href":"https:\/\/www.unatcpress.ro\/en\/wp-json\/wp\/v2\/media?parent=1314"}],"wp:term":[{"taxonomy":"product_brand","embeddable":true,"href":"https:\/\/www.unatcpress.ro\/en\/wp-json\/wp\/v2\/product_brand?post=1314"},{"taxonomy":"product_cat","embeddable":true,"href":"https:\/\/www.unatcpress.ro\/en\/wp-json\/wp\/v2\/product_cat?post=1314"},{"taxonomy":"product_tag","embeddable":true,"href":"https:\/\/www.unatcpress.ro\/en\/wp-json\/wp\/v2\/product_tag?post=1314"},{"taxonomy":"colectie","embeddable":true,"href":"https:\/\/www.unatcpress.ro\/en\/wp-json\/wp\/v2\/colectie?post=1314"},{"taxonomy":"autor-carte","embeddable":true,"href":"https:\/\/www.unatcpress.ro\/en\/wp-json\/wp\/v2\/autor-carte?post=1314"}],"curies":[{"name":"wp","href":"https:\/\/api.w.org\/{rel}","templated":true}]}}